{"id":77073,"date":"2023-03-13T08:47:08","date_gmt":"2023-03-13T08:47:08","guid":{"rendered":"https:\/\/www.mamir.it\/index\/"},"modified":"2024-11-04T15:18:16","modified_gmt":"2024-11-04T15:18:16","slug":"index","status":"publish","type":"page","link":"https:\/\/www.mamir.it\/de\/","title":{"rendered":"HOME"},"content":{"rendered":"\t\t<div data-elementor-type=\"wp-page\" data-elementor-id=\"77073\" class=\"elementor elementor-77073 elementor-75477\">\n\t\t\t\t\t\t<section class=\"elementor-section elementor-top-section elementor-element elementor-element-c3e85af elementor-section-full_width elementor-section-height-default elementor-section-height-default\" data-id=\"c3e85af\" data-element_type=\"section\" data-e-type=\"section\">\n\t\t\t\t\t\t\t<div class=\"elementor-background-overlay\"><\/div>\n\t\t\t\t\t\t\t<div class=\"elementor-container elementor-column-gap-no\">\n\t\t\t\t\t<div class=\" elementor-column elementor-col-100 elementor-top-column elementor-element elementor-element-9416642\" data-fullscreen-column-settings=\"{&quot;fullscreen&quot;:&quot;&quot;}\" data-id=\"9416642\" data-element_type=\"column\" data-e-type=\"column\">\n\t\t\t<div class=\"elementor-widget-wrap elementor-element-populated\">\n\t\t\t\t\t\t<div class=\"elementor-element elementor-element-a5b4ccb elementor-widget__width-inherit elementor-widget-tablet__width-inherit elementor-widget elementor-widget-video\" data-id=\"a5b4ccb\" data-element_type=\"widget\" data-e-type=\"widget\" data-settings=\"{&quot;autoplay&quot;:&quot;yes&quot;,&quot;play_on_mobile&quot;:&quot;yes&quot;,&quot;mute&quot;:&quot;yes&quot;,&quot;loop&quot;:&quot;yes&quot;,&quot;video_type&quot;:&quot;hosted&quot;}\" data-widget_type=\"video.default\">\n\t\t\t\t<div class=\"elementor-widget-container\">\n\t\t\t\t\t\t\t<div class=\"e-hosted-video elementor-wrapper elementor-open-inline\">\n\t\t\t\t\t<video class=\"elementor-video\" src=\"https:\/\/www.mamir.it\/wp-content\/uploads\/2023\/03\/Mamir-azienda-e-lavorazione-COMPRESSO.mp4\" autoplay=\"\" loop=\"\" muted=\"muted\" playsinline=\"\" controlsList=\"nodownload\"><\/video>\n\t\t\t\t<\/div>\n\t\t\t\t\t\t<\/div>\n\t\t\t\t<\/div>\n\t\t\t\t<div class=\"elementor-element elementor-element-50a23a9 elementor-absolute elementor-widget elementor-widget-litho-heading\" data-id=\"50a23a9\" data-element_type=\"widget\" data-e-type=\"widget\" data-settings=\"{&quot;_position&quot;:&quot;absolute&quot;}\" data-widget_type=\"litho-heading.default\">\n\t\t\t\t<div class=\"elementor-widget-container\">\n\t\t\t\t\t<h1 class=\"litho-heading elementor-size-default\"><span class=\"litho-primary-title\">Seit 50 Jahren <br><strong>mit Ihnen unterwegs.<\/strong><\/span><\/h1>\t\t\t\t<\/div>\n\t\t\t\t<\/div>\n\t\t\t\t<div class=\"elementor-element elementor-element-b8ca4c3 elementor-align-center elementor-absolute elementor-widget elementor-widget-litho-button\" data-id=\"b8ca4c3\" data-element_type=\"widget\" data-e-type=\"widget\" data-settings=\"{&quot;_position&quot;:&quot;absolute&quot;}\" data-widget_type=\"litho-button.default\">\n\t\t\t\t<div class=\"elementor-widget-container\">\n\t\t\t\t\t\t\t\t\t<div class=\"elementor-button-wrapper litho-button-wrapper\">\n\t\t\t\t\t<a class=\"elementor-button-link elementor-button elementor-size-xs \" href=\"https:\/\/www.mamir.it\/de\/wer-wir-sind\/\" target=\"_blank\" role=\"button\">\n\t\t\t\t\t\t\t\t\t<span class=\"elementor-button-content-wrapper\">\n\t\t\t\t\t\t\t\t\t\t\t\t\t<span class=\"elementor-button-text\">Mehr erfahren<\/span>\n\t\t\t\t\t\t\t<\/span>\n\t\t\t\t\t\t\t\t\t<span class=\"screen-reader-text\">Button<\/span>\n\t\t\t\t\t<\/a>\n\t\t\t\t<\/div>\n\t\t\t\t\t\t\t<\/div>\n\t\t\t\t<\/div>\n\t\t\t\t\t<\/div>\n\t\t<\/div>\n\t\t\t\t\t<\/div>\n\t\t<\/section>\n\t\t\t\t<section class=\"elementor-section elementor-top-section elementor-element elementor-element-a561a82 elementor-section-boxed elementor-section-height-default elementor-section-height-default\" data-id=\"a561a82\" data-element_type=\"section\" data-e-type=\"section\" data-settings=\"{&quot;background_background&quot;:&quot;classic&quot;}\">\n\t\t\t\t\t\t<div class=\"elementor-container elementor-column-gap-default\">\n\t\t\t\t\t<div class=\" elementor-column elementor-col-33 elementor-top-column elementor-element elementor-element-519d9b8 elementor-invisible\" data-fullscreen-column-settings=\"{&quot;fullscreen&quot;:&quot;&quot;}\" data-id=\"519d9b8\" data-element_type=\"column\" data-e-type=\"column\" data-settings=\"{&quot;animation&quot;:&quot;zoomIn&quot;,&quot;animation_delay&quot;:300}\">\n\t\t\t<div class=\"elementor-widget-wrap elementor-element-populated\">\n\t\t\t\t\t\t<div class=\"elementor-element elementor-element-8ae265d elementor-position-top elementor-widget elementor-widget-image-box\" data-id=\"8ae265d\" data-element_type=\"widget\" data-e-type=\"widget\" data-widget_type=\"image-box.default\">\n\t\t\t\t<div class=\"elementor-widget-container\">\n\t\t\t\t\t<div class=\"elementor-image-box-wrapper\"><figure class=\"elementor-image-box-img\"><img decoding=\"async\" width=\"94\" height=\"87\" src=\"https:\/\/www.mamir.it\/wp-content\/uploads\/2023\/03\/icona-qualita.png\" class=\"attachment-full size-full wp-image-75799\" alt=\"icona-qualita\" \/><\/figure><div class=\"elementor-image-box-content\"><h2 class=\"elementor-image-box-title\">Qualit\u00e4t<\/h2><\/div><\/div>\t\t\t\t<\/div>\n\t\t\t\t<\/div>\n\t\t\t\t\t<\/div>\n\t\t<\/div>\n\t\t\t\t<div class=\" elementor-column elementor-col-33 elementor-top-column elementor-element elementor-element-80a8e1d elementor-invisible\" data-fullscreen-column-settings=\"{&quot;fullscreen&quot;:&quot;&quot;}\" data-id=\"80a8e1d\" data-element_type=\"column\" data-e-type=\"column\" data-settings=\"{&quot;animation&quot;:&quot;zoomIn&quot;}\">\n\t\t\t<div class=\"elementor-widget-wrap elementor-element-populated\">\n\t\t\t\t\t\t<div class=\"elementor-element elementor-element-6a39f41 elementor-position-top elementor-widget elementor-widget-image-box\" data-id=\"6a39f41\" data-element_type=\"widget\" data-e-type=\"widget\" data-widget_type=\"image-box.default\">\n\t\t\t\t<div class=\"elementor-widget-container\">\n\t\t\t\t\t<div class=\"elementor-image-box-wrapper\"><figure class=\"elementor-image-box-img\"><img decoding=\"async\" width=\"81\" height=\"85\" src=\"https:\/\/www.mamir.it\/wp-content\/uploads\/2023\/03\/icona-sicurezza.png\" class=\"attachment-full size-full wp-image-75800\" alt=\"icona-sicurezza\" \/><\/figure><div class=\"elementor-image-box-content\"><h2 class=\"elementor-image-box-title\">Sicherheit<\/h2><\/div><\/div>\t\t\t\t<\/div>\n\t\t\t\t<\/div>\n\t\t\t\t\t<\/div>\n\t\t<\/div>\n\t\t\t\t<div class=\" elementor-column elementor-col-33 elementor-top-column elementor-element elementor-element-9776282 elementor-invisible\" data-fullscreen-column-settings=\"{&quot;fullscreen&quot;:&quot;&quot;}\" data-id=\"9776282\" data-element_type=\"column\" data-e-type=\"column\" data-settings=\"{&quot;animation&quot;:&quot;zoomIn&quot;,&quot;animation_delay&quot;:600}\">\n\t\t\t<div class=\"elementor-widget-wrap elementor-element-populated\">\n\t\t\t\t\t\t<div class=\"elementor-element elementor-element-da37cd4 elementor-position-top elementor-widget elementor-widget-image-box\" data-id=\"da37cd4\" data-element_type=\"widget\" data-e-type=\"widget\" data-widget_type=\"image-box.default\">\n\t\t\t\t<div class=\"elementor-widget-container\">\n\t\t\t\t\t<div class=\"elementor-image-box-wrapper\"><figure class=\"elementor-image-box-img\"><img decoding=\"async\" width=\"86\" height=\"84\" src=\"https:\/\/www.mamir.it\/wp-content\/uploads\/2023\/03\/icona-ambiente.png\" class=\"attachment-full size-full wp-image-75801\" alt=\"icona-ambiente\" \/><\/figure><div class=\"elementor-image-box-content\"><h2 class=\"elementor-image-box-title\">Umwelt<\/h2><\/div><\/div>\t\t\t\t<\/div>\n\t\t\t\t<\/div>\n\t\t\t\t\t<\/div>\n\t\t<\/div>\n\t\t\t\t\t<\/div>\n\t\t<\/section>\n\t\t\t\t<section class=\"elementor-section elementor-top-section elementor-element elementor-element-570aaff elementor-section-boxed elementor-section-height-default elementor-section-height-default\" data-id=\"570aaff\" data-element_type=\"section\" data-e-type=\"section\">\n\t\t\t\t\t\t<div class=\"elementor-container elementor-column-gap-default\">\n\t\t\t\t\t<div class=\" elementor-column elementor-col-50 elementor-top-column elementor-element elementor-element-3eced05 elementor-hidden-tablet elementor-hidden-mobile elementor-invisible\" data-fullscreen-column-settings=\"{&quot;fullscreen&quot;:&quot;&quot;}\" data-id=\"3eced05\" data-element_type=\"column\" data-e-type=\"column\" data-settings=\"{&quot;animation&quot;:&quot;fadeInLeft&quot;}\">\n\t\t\t<div class=\"elementor-widget-wrap elementor-element-populated\">\n\t\t\t\t\t\t<div class=\"elementor-element elementor-element-d329982 elementor-widget elementor-widget-image\" data-id=\"d329982\" data-element_type=\"widget\" data-e-type=\"widget\" data-widget_type=\"image.default\">\n\t\t\t\t<div class=\"elementor-widget-container\">\n\t\t\t\t\t\t\t\t\t\t\t\t\t\t\t<img loading=\"lazy\" decoding=\"async\" width=\"535\" height=\"630\" src=\"https:\/\/www.mamir.it\/wp-content\/uploads\/2023\/04\/calzature-da-oltre-50-anni.jpg\" class=\"attachment-full size-full wp-image-76532\" alt=\"calzature-da-oltre-50-anni\" srcset=\"https:\/\/www.mamir.it\/wp-content\/uploads\/2023\/04\/calzature-da-oltre-50-anni.jpg 535w, https:\/\/www.mamir.it\/wp-content\/uploads\/2023\/04\/calzature-da-oltre-50-anni-255x300.jpg 255w, https:\/\/www.mamir.it\/wp-content\/uploads\/2023\/04\/calzature-da-oltre-50-anni-200x236.jpg 200w, https:\/\/www.mamir.it\/wp-content\/uploads\/2023\/04\/calzature-da-oltre-50-anni-300x353.jpg 300w\" sizes=\"(max-width: 535px) 100vw, 535px\" \/>\t\t\t\t\t\t\t\t\t\t\t\t\t\t\t<\/div>\n\t\t\t\t<\/div>\n\t\t\t\t\t<\/div>\n\t\t<\/div>\n\t\t\t\t<div class=\" elementor-column elementor-col-50 elementor-top-column elementor-element elementor-element-a6925fe elementor-invisible\" data-fullscreen-column-settings=\"{&quot;fullscreen&quot;:&quot;&quot;}\" data-id=\"a6925fe\" data-element_type=\"column\" data-e-type=\"column\" data-settings=\"{&quot;animation&quot;:&quot;fadeInRight&quot;}\">\n\t\t\t<div class=\"elementor-widget-wrap elementor-element-populated\">\n\t\t\t\t\t\t<div class=\"elementor-element elementor-element-1ced1aa elementor-widget elementor-widget-litho-heading\" data-id=\"1ced1aa\" data-element_type=\"widget\" data-e-type=\"widget\" data-widget_type=\"litho-heading.default\">\n\t\t\t\t<div class=\"elementor-widget-container\">\n\t\t\t\t\t<h2 class=\"litho-heading elementor-size-default\"><span class=\"litho-primary-title\">Schuhe <br><strong>seit \u00fcber 50 Jahren<\/strong><\/span><\/h2>\t\t\t\t<\/div>\n\t\t\t\t<\/div>\n\t\t\t\t<div class=\"elementor-element elementor-element-2bd3b23 elementor-widget elementor-widget-text-editor\" data-id=\"2bd3b23\" data-element_type=\"widget\" data-e-type=\"widget\" data-widget_type=\"text-editor.default\">\n\t\t\t\t<div class=\"elementor-widget-container\">\n\t\t\t\t\t\t\t\t\t<p>Wir sind ein Familienunternehmen und haben im Laufe der Jahre die Leidenschaft f\u00fcr diese Arbeit vom Vater an den Sohn weitergegeben o.<\/p>\n<p>Qualit\u00e4t, Komfort und Eleganz sind die Markenzeichen jeder unserer Kreationen.<\/p>\n<p>Alle Modelle werden nach den aktuellen Trends gefertigt, um den Bed\u00fcrfnissen jeder Frau gerecht zu werden.<\/p>\n\t\t\t\t\t\t\t\t<\/div>\n\t\t\t\t<\/div>\n\t\t\t\t<section class=\"elementor-section elementor-inner-section elementor-element elementor-element-c973633 elementor-section-full_width elementor-section-height-default elementor-section-height-default\" data-id=\"c973633\" data-element_type=\"section\" data-e-type=\"section\">\n\t\t\t\t\t\t<div class=\"elementor-container elementor-column-gap-no\">\n\t\t\t\t\t<div class=\" elementor-column elementor-col-100 elementor-inner-column elementor-element elementor-element-76dcadc\" data-fullscreen-column-settings=\"{&quot;fullscreen&quot;:&quot;&quot;}\" data-id=\"76dcadc\" data-element_type=\"column\" data-e-type=\"column\">\n\t\t\t<div class=\"elementor-widget-wrap elementor-element-populated\">\n\t\t\t\t\t\t<div class=\"elementor-element elementor-element-13b700f elementor-align-left inverted w-fit elementor-tablet-align-left elementor-widget elementor-widget-litho-button\" data-id=\"13b700f\" data-element_type=\"widget\" data-e-type=\"widget\" data-widget_type=\"litho-button.default\">\n\t\t\t\t<div class=\"elementor-widget-container\">\n\t\t\t\t\t\t\t\t\t<div class=\"elementor-button-wrapper litho-button-wrapper\">\n\t\t\t\t\t<a class=\"elementor-button-link elementor-button elementor-size-xs \" href=\"https:\/\/www.mamir.it\/de\/geschichte-zeitleiste\/\" target=\"_blank\" role=\"button\">\n\t\t\t\t\t\t\t\t\t<span class=\"elementor-button-content-wrapper\">\n\t\t\t\t\t\t\t\t\t\t\t\t\t<span class=\"elementor-button-text\">Unsere Geschichte<\/span>\n\t\t\t\t\t\t\t<\/span>\n\t\t\t\t\t\t\t\t\t<span class=\"screen-reader-text\">Button<\/span>\n\t\t\t\t\t<\/a>\n\t\t\t\t<\/div>\n\t\t\t\t\t\t\t<\/div>\n\t\t\t\t<\/div>\n\t\t\t\t<div class=\"elementor-element elementor-element-40ba371 elementor-align-center inverted underlined w-fit elementor-tablet-align-center elementor-mobile-align-center elementor-widget elementor-widget-litho-button\" data-id=\"40ba371\" data-element_type=\"widget\" data-e-type=\"widget\" data-widget_type=\"litho-button.default\">\n\t\t\t\t<div class=\"elementor-widget-container\">\n\t\t\t\t\t\t\t\t\t<div class=\"elementor-button-wrapper litho-button-wrapper\">\n\t\t\t\t\t<a class=\"elementor-button-link elementor-button elementor-size-xs hvr-grow \" href=\"https:\/\/www.mamir.it\/de\/values-qualitaet-sicherheit-umwelt\/\" role=\"button\">\n\t\t\t\t\t\t\t\t\t<span class=\"elementor-button-content-wrapper\">\n\t\t\t\t\t\t\t\t\t\t\t\t\t<span class=\"elementor-button-text\">UNSERE WERTE<\/span>\n\t\t\t\t\t\t\t<\/span>\n\t\t\t\t\t\t\t\t\t<span class=\"screen-reader-text\">Button<\/span>\n\t\t\t\t\t<\/a>\n\t\t\t\t<\/div>\n\t\t\t\t\t\t\t<\/div>\n\t\t\t\t<\/div>\n\t\t\t\t\t<\/div>\n\t\t<\/div>\n\t\t\t\t\t<\/div>\n\t\t<\/section>\n\t\t\t\t\t<\/div>\n\t\t<\/div>\n\t\t\t\t\t<\/div>\n\t\t<\/section>\n\t\t\t\t<section class=\"elementor-section elementor-top-section elementor-element elementor-element-23c72e2 elementor-section-boxed elementor-section-height-default elementor-section-height-default\" data-id=\"23c72e2\" data-element_type=\"section\" data-e-type=\"section\" data-settings=\"{&quot;background_background&quot;:&quot;classic&quot;}\">\n\t\t\t\t\t\t<div class=\"elementor-container elementor-column-gap-default\">\n\t\t\t\t\t<div class=\" elementor-column elementor-col-100 elementor-top-column elementor-element elementor-element-e83e6a6\" data-fullscreen-column-settings=\"{&quot;fullscreen&quot;:&quot;&quot;}\" data-id=\"e83e6a6\" data-element_type=\"column\" data-e-type=\"column\">\n\t\t\t<div class=\"elementor-widget-wrap elementor-element-populated\">\n\t\t\t\t\t\t<div class=\"elementor-element elementor-element-49cf0c6 animated-slow elementor-invisible elementor-widget elementor-widget-litho-heading\" data-id=\"49cf0c6\" data-element_type=\"widget\" data-e-type=\"widget\" data-settings=\"{&quot;_animation&quot;:&quot;fadeIn&quot;}\" data-widget_type=\"litho-heading.default\">\n\t\t\t\t<div class=\"elementor-widget-container\">\n\t\t\t\t\t<h2 class=\"litho-heading elementor-size-default\"><span class=\"litho-primary-title\">Qualit\u00e4tsschuhwerk<br> <strong>f\u00fcr jede Gelegenheit<\/strong><\/span><\/h2>\t\t\t\t<\/div>\n\t\t\t\t<\/div>\n\t\t\t\t<div class=\"elementor-element elementor-element-014bfcb elementor-view-default elementor-pagination-position-outside elementor-invisible elementor-widget elementor-widget-litho-icon-box-carousel\" data-id=\"014bfcb\" data-element_type=\"widget\" data-e-type=\"widget\" data-settings=\"{&quot;_animation&quot;:&quot;pulse&quot;,&quot;_animation_delay&quot;:250}\" data-widget_type=\"litho-icon-box-carousel.default\">\n\t\t\t\t<div class=\"elementor-widget-container\">\n\t\t\t\t\t\t\t\t<div class=\"icon-box-carousel-content-box\">\n\t\t\t\t<div class=\"icon-box-carousel-wrapper swiper litho-common-swiper white-cursor\" data-settings=\"{&quot;navigation&quot;:&quot;dots&quot;,&quot;autoplay&quot;:&quot;yes&quot;,&quot;autoplay_speed&quot;:3000,&quot;pause_on_hover&quot;:&quot;yes&quot;,&quot;loop&quot;:&quot;yes&quot;,&quot;effect&quot;:&quot;slide&quot;,&quot;speed&quot;:500,&quot;image_spacing&quot;:{&quot;unit&quot;:&quot;px&quot;,&quot;size&quot;:0,&quot;sizes&quot;:[]},&quot;slide_total&quot;:7,&quot;slides_to_show&quot;:&quot;4&quot;,&quot;slides_to_show_mobile&quot;:null,&quot;slides_to_show_tablet&quot;:&quot;3&quot;}\">\n\t\t\t\t\t<div class=\"icon-box-carousel swiper-wrapper\">\n\t\t\t\t\t\t\t\t\t\t\t<div class=\"elementor-repeater-item-7927deb swiper-slide litho-image-box-wrapper icon-box-hover hvr-grow\">\n\t\t\t\t\t\t\t\t\t\t\t\t<div class=\"litho-image-box-img\"><img decoding=\"async\" src=\"https:\/\/www.mamir.it\/wp-content\/uploads\/2023\/03\/icona-anfibi.png\" alt=\"icona-anfibi\"  srcset=\"https:\/\/www.mamir.it\/wp-content\/uploads\/2023\/03\/icona-anfibi.png 250w, https:\/\/www.mamir.it\/wp-content\/uploads\/2023\/03\/icona-anfibi-200x240.png 200w\" sizes=\"(max-width: 250px) 100vw, 250px\" \/><\/div>\n\t\t\t\t\t\t\t\t\t\t\t\t<div class=\"elementor-icon-box-content\">\n\t\t\t\t\t\t\t\t\t\t\t\t\t\t\t<h2 class=\"elementor-icon-box-title\"><span >Amphibien<\/span>\n\t\t\t\t\t\t\t\t<\/h2>\n\t\t\t\t\t\t\t\t\t\t\t\t\t<\/div>\n\t\t\t\t\t<\/div>\n\t\t\t\t\t\t\t\t\t\t<div class=\"elementor-repeater-item-702668b swiper-slide litho-image-box-wrapper icon-box-hover hvr-grow\">\n\t\t\t\t\t\t\t\t\t\t\t\t<div class=\"litho-image-box-img\"><img decoding=\"async\" src=\"https:\/\/www.mamir.it\/wp-content\/uploads\/2023\/03\/icona-tronchetti.png\" alt=\"icona-tronchetti\"  srcset=\"https:\/\/www.mamir.it\/wp-content\/uploads\/2023\/03\/icona-tronchetti.png 250w, https:\/\/www.mamir.it\/wp-content\/uploads\/2023\/03\/icona-tronchetti-200x240.png 200w\" sizes=\"(max-width: 250px) 100vw, 250px\" \/><\/div>\n\t\t\t\t\t\t\t\t\t\t\t\t<div class=\"elementor-icon-box-content\">\n\t\t\t\t\t\t\t\t\t\t\t\t\t\t\t<h2 class=\"elementor-icon-box-title\"><span >Stiefelette<\/span>\n\t\t\t\t\t\t\t\t<\/h2>\n\t\t\t\t\t\t\t\t\t\t\t\t\t<\/div>\n\t\t\t\t\t<\/div>\n\t\t\t\t\t\t\t\t\t\t<div class=\"elementor-repeater-item-e2330b5 swiper-slide litho-image-box-wrapper icon-box-hover hvr-grow\">\n\t\t\t\t\t\t\t\t\t\t\t\t<div class=\"litho-image-box-img\"><img decoding=\"async\" src=\"https:\/\/www.mamir.it\/wp-content\/uploads\/2023\/03\/icona-stivali.png\" alt=\"icona-stivali\"  srcset=\"https:\/\/www.mamir.it\/wp-content\/uploads\/2023\/03\/icona-stivali.png 250w, https:\/\/www.mamir.it\/wp-content\/uploads\/2023\/03\/icona-stivali-200x240.png 200w\" sizes=\"(max-width: 250px) 100vw, 250px\" \/><\/div>\n\t\t\t\t\t\t\t\t\t\t\t\t<div class=\"elementor-icon-box-content\">\n\t\t\t\t\t\t\t\t\t\t\t\t\t\t\t<h2 class=\"elementor-icon-box-title\"><span >Stiefel<\/span>\n\t\t\t\t\t\t\t\t<\/h2>\n\t\t\t\t\t\t\t\t\t\t\t\t\t<\/div>\n\t\t\t\t\t<\/div>\n\t\t\t\t\t\t\t\t\t\t<div class=\"elementor-repeater-item-866b31b swiper-slide litho-image-box-wrapper icon-box-hover hvr-grow\">\n\t\t\t\t\t\t\t\t\t\t\t\t<div class=\"litho-image-box-img\"><img decoding=\"async\" src=\"https:\/\/www.mamir.it\/wp-content\/uploads\/2023\/03\/icona-stivaletti.png\" alt=\"icona-stivaletti\"  srcset=\"https:\/\/www.mamir.it\/wp-content\/uploads\/2023\/03\/icona-stivaletti.png 250w, https:\/\/www.mamir.it\/wp-content\/uploads\/2023\/03\/icona-stivaletti-200x240.png 200w\" sizes=\"(max-width: 250px) 100vw, 250px\" \/><\/div>\n\t\t\t\t\t\t\t\t\t\t\t\t<div class=\"elementor-icon-box-content\">\n\t\t\t\t\t\t\t\t\t\t\t\t\t\t\t<h2 class=\"elementor-icon-box-title\"><span >Stiefel<\/span>\n\t\t\t\t\t\t\t\t<\/h2>\n\t\t\t\t\t\t\t\t\t\t\t\t\t<\/div>\n\t\t\t\t\t<\/div>\n\t\t\t\t\t\t\t\t\t\t<div class=\"elementor-repeater-item-faed183 swiper-slide litho-image-box-wrapper icon-box-hover hvr-grow\">\n\t\t\t\t\t\t\t\t\t\t\t\t<div class=\"litho-image-box-img\"><img decoding=\"async\" src=\"https:\/\/www.mamir.it\/wp-content\/uploads\/2023\/03\/icona-sneakers.png\" alt=\"icona-sneakers\"  srcset=\"https:\/\/www.mamir.it\/wp-content\/uploads\/2023\/03\/icona-sneakers.png 250w, https:\/\/www.mamir.it\/wp-content\/uploads\/2023\/03\/icona-sneakers-200x240.png 200w\" sizes=\"(max-width: 250px) 100vw, 250px\" \/><\/div>\n\t\t\t\t\t\t\t\t\t\t\t\t<div class=\"elementor-icon-box-content\">\n\t\t\t\t\t\t\t\t\t\t\t\t\t\t\t<h2 class=\"elementor-icon-box-title\"><span >Sneakers<\/span>\n\t\t\t\t\t\t\t\t<\/h2>\n\t\t\t\t\t\t\t\t\t\t\t\t\t<\/div>\n\t\t\t\t\t<\/div>\n\t\t\t\t\t\t\t\t\t\t<div class=\"elementor-repeater-item-47edd84 swiper-slide litho-image-box-wrapper icon-box-hover hvr-grow\">\n\t\t\t\t\t\t\t\t\t\t\t\t<div class=\"litho-image-box-img\"><img decoding=\"async\" src=\"https:\/\/www.mamir.it\/wp-content\/uploads\/2023\/03\/icona-mocassini.png\" alt=\"icona-mocassini\"  srcset=\"https:\/\/www.mamir.it\/wp-content\/uploads\/2023\/03\/icona-mocassini.png 250w, https:\/\/www.mamir.it\/wp-content\/uploads\/2023\/03\/icona-mocassini-200x240.png 200w\" sizes=\"(max-width: 250px) 100vw, 250px\" \/><\/div>\n\t\t\t\t\t\t\t\t\t\t\t\t<div class=\"elementor-icon-box-content\">\n\t\t\t\t\t\t\t\t\t\t\t\t\t\t\t<h2 class=\"elementor-icon-box-title\"><span >Mokassins<\/span>\n\t\t\t\t\t\t\t\t<\/h2>\n\t\t\t\t\t\t\t\t\t\t\t\t\t<\/div>\n\t\t\t\t\t<\/div>\n\t\t\t\t\t\t\t\t\t\t<div class=\"elementor-repeater-item-50e3082 swiper-slide litho-image-box-wrapper icon-box-hover hvr-grow\">\n\t\t\t\t\t\t\t\t\t\t\t\t<div class=\"litho-image-box-img\"><img decoding=\"async\" src=\"https:\/\/www.mamir.it\/wp-content\/uploads\/2023\/03\/icona-ciabatte.png\" alt=\"icona-ciabatte\"  srcset=\"https:\/\/www.mamir.it\/wp-content\/uploads\/2023\/03\/icona-ciabatte.png 250w, https:\/\/www.mamir.it\/wp-content\/uploads\/2023\/03\/icona-ciabatte-200x240.png 200w\" sizes=\"(max-width: 250px) 100vw, 250px\" \/><\/div>\n\t\t\t\t\t\t\t\t\t\t\t\t<div class=\"elementor-icon-box-content\">\n\t\t\t\t\t\t\t\t\t\t\t\t\t\t\t<h2 class=\"elementor-icon-box-title\"><span >Hausschuhe<\/span>\n\t\t\t\t\t\t\t\t<\/h2>\n\t\t\t\t\t\t\t\t\t\t\t\t\t<\/div>\n\t\t\t\t\t<\/div>\n\t\t\t\t\t\t\t\t\t\t<\/div>\n\t\t\t\t\t\t\t\t\t\t\t\t\t\t\t\t\t\t<div class=\"swiper-pagination\"><\/div>\n\t\t\t\t\t\t\t\t\t\t\t\t\t\t\t\t\t\t\t\t\t<\/div>\n\t\t\t<\/div>\n\t\t\t\t\t\t\t<\/div>\n\t\t\t\t<\/div>\n\t\t\t\t<div class=\"elementor-element elementor-element-6cddf60 elementor-align-center animated-slow elementor-invisible elementor-widget elementor-widget-litho-button\" data-id=\"6cddf60\" data-element_type=\"widget\" data-e-type=\"widget\" data-settings=\"{&quot;_animation&quot;:&quot;fadeIn&quot;}\" data-widget_type=\"litho-button.default\">\n\t\t\t\t<div class=\"elementor-widget-container\">\n\t\t\t\t\t\t\t\t\t<div class=\"elementor-button-wrapper litho-button-wrapper\">\n\t\t\t\t\t<a class=\"elementor-button-link elementor-button elementor-size-xs \" href=\"https:\/\/alibi-italy.com\/\" target=\"_blank\" role=\"button\">\n\t\t\t\t\t\t\t\t\t<span class=\"elementor-button-content-wrapper\">\n\t\t\t\t\t\t\t\t\t\t\t\t\t<span class=\"elementor-button-text\">ONLINE KAUFEN<\/span>\n\t\t\t\t\t\t\t<\/span>\n\t\t\t\t\t\t\t\t\t<span class=\"screen-reader-text\">Button<\/span>\n\t\t\t\t\t<\/a>\n\t\t\t\t<\/div>\n\t\t\t\t\t\t\t<\/div>\n\t\t\t\t<\/div>\n\t\t\t\t\t<\/div>\n\t\t<\/div>\n\t\t\t\t\t<\/div>\n\t\t<\/section>\n\t\t\t\t<section class=\"elementor-section elementor-top-section elementor-element elementor-element-64d8496 elementor-section-full_width elementor-section-stretched elementor-hidden-desktop elementor-hidden-tablet elementor-hidden-mobile elementor-section-height-default elementor-section-height-default\" data-id=\"64d8496\" data-element_type=\"section\" data-e-type=\"section\" data-settings=\"{&quot;stretch_section&quot;:&quot;section-stretched&quot;,&quot;background_background&quot;:&quot;classic&quot;}\">\n\t\t\t\t\t\t<div class=\"elementor-container elementor-column-gap-no\">\n\t\t\t\t\t<div class=\" elementor-column elementor-col-50 elementor-top-column elementor-element elementor-element-21c141e elementor-hidden-tablet elementor-hidden-mobile elementor-invisible\" data-fullscreen-column-settings=\"{&quot;fullscreen&quot;:&quot;&quot;}\" data-id=\"21c141e\" data-element_type=\"column\" data-e-type=\"column\" data-settings=\"{&quot;background_background&quot;:&quot;classic&quot;,&quot;animation&quot;:&quot;slideInLeft&quot;}\">\n\t\t\t<div class=\"elementor-widget-wrap\">\n\t\t\t\t\t\t\t<\/div>\n\t\t<\/div>\n\t\t\t\t<div class=\" elementor-column elementor-col-50 elementor-top-column elementor-element elementor-element-800a60a animated-slow elementor-invisible\" data-fullscreen-column-settings=\"{&quot;fullscreen&quot;:&quot;&quot;}\" data-id=\"800a60a\" data-element_type=\"column\" data-e-type=\"column\" data-settings=\"{&quot;animation&quot;:&quot;fadeIn&quot;,&quot;animation_delay&quot;:700}\">\n\t\t\t<div class=\"elementor-widget-wrap elementor-element-populated\">\n\t\t\t\t\t\t<div class=\"elementor-element elementor-element-609b34d elementor-widget elementor-widget-litho-heading\" data-id=\"609b34d\" data-element_type=\"widget\" data-e-type=\"widget\" data-widget_type=\"litho-heading.default\">\n\t\t\t\t<div class=\"elementor-widget-container\">\n\t\t\t\t\t<h2 class=\"litho-heading elementor-size-default\"><span class=\"litho-primary-title\">Kontakt<\/span><\/h2>\t\t\t\t<\/div>\n\t\t\t\t<\/div>\n\t\t\t\t<div class=\"elementor-element elementor-element-b23992b elementor-widget elementor-widget-litho-contact-form\" data-id=\"b23992b\" data-element_type=\"widget\" data-e-type=\"widget\" data-widget_type=\"litho-contact-form.default\">\n\t\t\t\t<div class=\"elementor-widget-container\">\n\t\t\t\t\t\t\t\t<div class=\"contact-form-wrapper\">\n\t\t\t\t<p class=\"wpcf7-contact-form-not-found\"><strong>Fehler:<\/strong> Kontaktformular wurde nicht gefunden.<\/p>\t\t\t<\/div>\n\t\t\t\t\t\t\t<\/div>\n\t\t\t\t<\/div>\n\t\t\t\t\t<\/div>\n\t\t<\/div>\n\t\t\t\t\t<\/div>\n\t\t<\/section>\n\t\t\t\t<\/div>\n\t\t","protected":false},"excerpt":{"rendered":"<p>https:\/\/www.mamir.it\/wp-content\/uploads\/2023\/03\/Mamir-azienda-e-lavorazione-COMPRESSO.mp4 Seit 50 Jahren mit Ihnen unterwegs. Mehr erfahren Qualit\u00e4t Sicherheit Umwelt Schuhe seit \u00fcber 50 Jahren Wir sind ein Familienunternehmen und haben im Laufe der Jahre die Leidenschaft f\u00fcr diese Arbeit vom Vater an den Sohn weitergegeben o. Qualit\u00e4t, Komfort und Eleganz sind die Markenzeichen jeder unserer Kreationen. Alle Modelle werden nach den aktuellen [&hellip;]<\/p>\n","protected":false},"author":1,"featured_media":0,"parent":0,"menu_order":0,"comment_status":"closed","ping_status":"closed","template":"","meta":{"footnotes":""},"class_list":["post-77073","page","type-page","status-publish","hentry"],"_links":{"self":[{"href":"https:\/\/www.mamir.it\/de\/wp-json\/wp\/v2\/pages\/77073","targetHints":{"allow":["GET"]}}],"collection":[{"href":"https:\/\/www.mamir.it\/de\/wp-json\/wp\/v2\/pages"}],"about":[{"href":"https:\/\/www.mamir.it\/de\/wp-json\/wp\/v2\/types\/page"}],"author":[{"embeddable":true,"href":"https:\/\/www.mamir.it\/de\/wp-json\/wp\/v2\/users\/1"}],"replies":[{"embeddable":true,"href":"https:\/\/www.mamir.it\/de\/wp-json\/wp\/v2\/comments?post=77073"}],"version-history":[{"count":29,"href":"https:\/\/www.mamir.it\/de\/wp-json\/wp\/v2\/pages\/77073\/revisions"}],"predecessor-version":[{"id":77186,"href":"https:\/\/www.mamir.it\/de\/wp-json\/wp\/v2\/pages\/77073\/revisions\/77186"}],"wp:attachment":[{"href":"https:\/\/www.mamir.it\/de\/wp-json\/wp\/v2\/media?parent=77073"}],"curies":[{"name":"wp","href":"https:\/\/api.w.org\/{rel}","templated":true}]}}