{"id":77077,"date":"2023-03-28T15:34:57","date_gmt":"2023-03-28T15:34:57","guid":{"rendered":"https:\/\/www.mamir.it\/wer-wir-sind\/"},"modified":"2023-10-27T08:04:39","modified_gmt":"2023-10-27T08:04:39","slug":"wer-wir-sind","status":"publish","type":"page","link":"https:\/\/www.mamir.it\/de\/wer-wir-sind\/","title":{"rendered":"WER WIR SIND"},"content":{"rendered":"\t\t<div data-elementor-type=\"wp-page\" data-elementor-id=\"77077\" class=\"elementor elementor-77077 elementor-76094\">\n\t\t\t\t\t\t<section class=\"elementor-section elementor-top-section elementor-element elementor-element-c3e85af elementor-section-full_width elementor-section-height-default elementor-section-height-default elementor-invisible\" data-id=\"c3e85af\" data-element_type=\"section\" data-e-type=\"section\" data-settings=\"{&quot;animation&quot;:&quot;fadeInDown&quot;}\">\n\t\t\t\t\t\t\t<div class=\"elementor-background-overlay\"><\/div>\n\t\t\t\t\t\t\t<div class=\"elementor-container elementor-column-gap-no\">\n\t\t\t\t\t<div class=\" elementor-column elementor-col-100 elementor-top-column elementor-element elementor-element-9416642\" data-fullscreen-column-settings=\"{&quot;fullscreen&quot;:&quot;&quot;}\" data-id=\"9416642\" data-element_type=\"column\" data-e-type=\"column\">\n\t\t\t<div class=\"elementor-widget-wrap elementor-element-populated\">\n\t\t\t\t\t\t<div class=\"elementor-element elementor-element-8a72523 elementor-widget elementor-widget-image\" data-id=\"8a72523\" data-element_type=\"widget\" data-e-type=\"widget\" data-widget_type=\"image.default\">\n\t\t\t\t<div class=\"elementor-widget-container\">\n\t\t\t\t\t\t\t\t\t\t\t\t\t\t\t<img fetchpriority=\"high\" decoding=\"async\" width=\"1920\" height=\"608\" src=\"https:\/\/www.mamir.it\/wp-content\/uploads\/2023\/03\/header-chi-siamo.jpg\" class=\"attachment-full size-full wp-image-76097\" alt=\"header-chi-siamo\" srcset=\"https:\/\/www.mamir.it\/wp-content\/uploads\/2023\/03\/header-chi-siamo.jpg 1920w, https:\/\/www.mamir.it\/wp-content\/uploads\/2023\/03\/header-chi-siamo-300x95.jpg 300w, https:\/\/www.mamir.it\/wp-content\/uploads\/2023\/03\/header-chi-siamo-1024x324.jpg 1024w, https:\/\/www.mamir.it\/wp-content\/uploads\/2023\/03\/header-chi-siamo-768x243.jpg 768w, https:\/\/www.mamir.it\/wp-content\/uploads\/2023\/03\/header-chi-siamo-1536x486.jpg 1536w, https:\/\/www.mamir.it\/wp-content\/uploads\/2023\/03\/header-chi-siamo-200x63.jpg 200w, https:\/\/www.mamir.it\/wp-content\/uploads\/2023\/03\/header-chi-siamo-1568x497.jpg 1568w, https:\/\/www.mamir.it\/wp-content\/uploads\/2023\/03\/header-chi-siamo-600x190.jpg 600w\" sizes=\"(max-width: 1920px) 100vw, 1920px\" \/>\t\t\t\t\t\t\t\t\t\t\t\t\t\t\t<\/div>\n\t\t\t\t<\/div>\n\t\t\t\t<div class=\"elementor-element elementor-element-50a23a9 elementor-absolute elementor-widget elementor-widget-litho-heading\" data-id=\"50a23a9\" data-element_type=\"widget\" data-e-type=\"widget\" data-settings=\"{&quot;_position&quot;:&quot;absolute&quot;}\" data-widget_type=\"litho-heading.default\">\n\t\t\t\t<div class=\"elementor-widget-container\">\n\t\t\t\t\t<h1 class=\"litho-heading elementor-size-default\"><span class=\"litho-primary-title\">WER WIR SIND<\/span><\/h1>\t\t\t\t<\/div>\n\t\t\t\t<\/div>\n\t\t\t\t\t<\/div>\n\t\t<\/div>\n\t\t\t\t\t<\/div>\n\t\t<\/section>\n\t\t\t\t<section class=\"elementor-section elementor-top-section elementor-element elementor-element-0ccd6a3 elementor-section-boxed elementor-section-height-default elementor-section-height-default\" data-id=\"0ccd6a3\" data-element_type=\"section\" data-e-type=\"section\">\n\t\t\t\t\t\t<div class=\"elementor-container elementor-column-gap-default\">\n\t\t\t\t\t<div class=\" elementor-column elementor-col-100 elementor-top-column elementor-element elementor-element-d3e4c7c elementor-invisible\" data-fullscreen-column-settings=\"{&quot;fullscreen&quot;:&quot;&quot;}\" data-id=\"d3e4c7c\" data-element_type=\"column\" data-e-type=\"column\" data-settings=\"{&quot;animation&quot;:&quot;fadeInLeft&quot;}\">\n\t\t\t<div class=\"elementor-widget-wrap elementor-element-populated\">\n\t\t\t\t\t\t<div class=\"elementor-element elementor-element-a43c54f elementor-widget elementor-widget-text-editor\" data-id=\"a43c54f\" data-element_type=\"widget\" data-e-type=\"widget\" data-widget_type=\"text-editor.default\">\n\t\t\t\t<div class=\"elementor-widget-container\">\n\t\t\t\t\t\t\t\t\t<p><strong>Unser Unternehmen wurde 1972 in Verolavecchia durch den Willen und das Engagement des Gr\u00fcnders Mario Gozzoli gegr\u00fcndet.<\/strong><\/p>\n\t\t\t\t\t\t\t\t<\/div>\n\t\t\t\t<\/div>\n\t\t\t\t<div class=\"elementor-element elementor-element-ea07ed3 elementor-widget elementor-widget-text-editor\" data-id=\"ea07ed3\" data-element_type=\"widget\" data-e-type=\"widget\" data-widget_type=\"text-editor.default\">\n\t\t\t\t<div class=\"elementor-widget-container\">\n\t\t\t\t\t\t\t\t\t<p>Im Laufe der Zeit ist es uns gelungen, uns auf dem wettbewerbsorientierten europ\u00e4ischen Markt zu etablieren, ohne unseren Charakter als Familienunternehmen zu verlieren. <\/p>\n<p>Unser Ziel ist es, Qualit\u00e4tsschuhe f\u00fcr jede Gelegenheit anzubieten und dabei traditionelle Handwerkskunst mit Innovation zu verbinden. Dabei verfolgen wir jede Phase des Produktionsprozesses, von der Suche nach Rohstoffen bis zur Bemusterung, von der Montage bis zur Verpackung des fertigen Produkts.<\/p>\n<p>Unser Hauptsitz befindet sich in Verolavecchia, in der Provinz Brescia, und umfasst eine Fl\u00e4che von 2000 Quadratmetern, die wie folgt aufgeteilt ist: Stilb\u00fcro, Akquisition, Verkauf, Logistik, Verwaltung und Produktionsbereich.<\/p>\n<p>Seit 2016 sind wir ein von Bureau Veritas zertifiziertes Unternehmen mit der Norm ISO 9001 f\u00fcr Qualit\u00e4ts- und Gesch\u00e4ftsprozessmanagement.<\/p>\n<p>Nach einer Neugestaltung unserer Marke &#8222;ALIBI&#8220; im September 2020 haben wir einen Online-Shop er\u00f6ffnet, der sich dem Verkauf von Damen- und Herrenschuhen widmet, die vollst\u00e4ndig in Italien hergestellt werden.<\/p>\n\t\t\t\t\t\t\t\t<\/div>\n\t\t\t\t<\/div>\n\t\t\t\t\t<\/div>\n\t\t<\/div>\n\t\t\t\t\t<\/div>\n\t\t<\/section>\n\t\t\t\t<\/div>\n\t\t","protected":false},"excerpt":{"rendered":"<p>WER WIR SIND Unser Unternehmen wurde 1972 in Verolavecchia durch den Willen und das Engagement des Gr\u00fcnders Mario Gozzoli gegr\u00fcndet. Im Laufe der Zeit ist es uns gelungen, uns auf dem wettbewerbsorientierten europ\u00e4ischen Markt zu etablieren, ohne unseren Charakter als Familienunternehmen zu verlieren. Unser Ziel ist es, Qualit\u00e4tsschuhe f\u00fcr jede Gelegenheit anzubieten und dabei traditionelle [&hellip;]<\/p>\n","protected":false},"author":1,"featured_media":0,"parent":0,"menu_order":0,"comment_status":"closed","ping_status":"closed","template":"","meta":{"footnotes":""},"class_list":["post-77077","page","type-page","status-publish","hentry"],"_links":{"self":[{"href":"https:\/\/www.mamir.it\/de\/wp-json\/wp\/v2\/pages\/77077","targetHints":{"allow":["GET"]}}],"collection":[{"href":"https:\/\/www.mamir.it\/de\/wp-json\/wp\/v2\/pages"}],"about":[{"href":"https:\/\/www.mamir.it\/de\/wp-json\/wp\/v2\/types\/page"}],"author":[{"embeddable":true,"href":"https:\/\/www.mamir.it\/de\/wp-json\/wp\/v2\/users\/1"}],"replies":[{"embeddable":true,"href":"https:\/\/www.mamir.it\/de\/wp-json\/wp\/v2\/comments?post=77077"}],"version-history":[{"count":1,"href":"https:\/\/www.mamir.it\/de\/wp-json\/wp\/v2\/pages\/77077\/revisions"}],"predecessor-version":[{"id":77078,"href":"https:\/\/www.mamir.it\/de\/wp-json\/wp\/v2\/pages\/77077\/revisions\/77078"}],"wp:attachment":[{"href":"https:\/\/www.mamir.it\/de\/wp-json\/wp\/v2\/media?parent=77077"}],"curies":[{"name":"wp","href":"https:\/\/api.w.org\/{rel}","templated":true}]}}