{"id":77093,"date":"2023-03-28T16:13:53","date_gmt":"2023-03-28T16:13:53","guid":{"rendered":"https:\/\/www.mamir.it\/values-qualitaet-sicherheit-umwelt\/"},"modified":"2023-11-02T08:28:43","modified_gmt":"2023-11-02T08:28:43","slug":"values-qualitaet-sicherheit-umwelt","status":"publish","type":"page","link":"https:\/\/www.mamir.it\/de\/values-qualitaet-sicherheit-umwelt\/","title":{"rendered":"Werte"},"content":{"rendered":"\t\t<div data-elementor-type=\"wp-page\" data-elementor-id=\"77093\" class=\"elementor elementor-77093 elementor-76102\">\n\t\t\t\t\t\t<section class=\"elementor-section elementor-top-section elementor-element elementor-element-42f51a3 elementor-section-full_width elementor-section-height-default elementor-section-height-default\" data-id=\"42f51a3\" data-element_type=\"section\" data-e-type=\"section\">\n\t\t\t\t\t\t\t<div class=\"elementor-background-overlay\"><\/div>\n\t\t\t\t\t\t\t<div class=\"elementor-container elementor-column-gap-no\">\n\t\t\t\t\t<div class=\" elementor-column elementor-col-100 elementor-top-column elementor-element elementor-element-c907537\" data-fullscreen-column-settings=\"{&quot;fullscreen&quot;:&quot;&quot;}\" data-id=\"c907537\" data-element_type=\"column\" data-e-type=\"column\">\n\t\t\t<div class=\"elementor-widget-wrap elementor-element-populated\">\n\t\t\t\t\t\t<div class=\"elementor-element elementor-element-44d3f99 elementor-widget__width-inherit elementor-widget-tablet__width-inherit elementor-widget elementor-widget-video\" data-id=\"44d3f99\" data-element_type=\"widget\" data-e-type=\"widget\" data-settings=\"{&quot;autoplay&quot;:&quot;yes&quot;,&quot;play_on_mobile&quot;:&quot;yes&quot;,&quot;mute&quot;:&quot;yes&quot;,&quot;loop&quot;:&quot;yes&quot;,&quot;video_type&quot;:&quot;hosted&quot;}\" data-widget_type=\"video.default\">\n\t\t\t\t<div class=\"elementor-widget-container\">\n\t\t\t\t\t\t\t<div class=\"e-hosted-video elementor-wrapper elementor-open-inline\">\n\t\t\t\t\t<video class=\"elementor-video\" src=\"https:\/\/www.mamir.it\/wp-content\/uploads\/2023\/04\/mamir-drone.mp4\" autoplay=\"\" loop=\"\" muted=\"muted\" playsinline=\"\" controlsList=\"nodownload\"><\/video>\n\t\t\t\t<\/div>\n\t\t\t\t\t\t<\/div>\n\t\t\t\t<\/div>\n\t\t\t\t<div class=\"elementor-element elementor-element-6ed6afc elementor-absolute elementor-widget elementor-widget-litho-heading\" data-id=\"6ed6afc\" data-element_type=\"widget\" data-e-type=\"widget\" data-settings=\"{&quot;_position&quot;:&quot;absolute&quot;}\" data-widget_type=\"litho-heading.default\">\n\t\t\t\t<div class=\"elementor-widget-container\">\n\t\t\t\t\t<h1 class=\"litho-heading elementor-size-default\"><span class=\"litho-primary-title\">Werte<\/span><\/h1>\t\t\t\t<\/div>\n\t\t\t\t<\/div>\n\t\t\t\t\t<\/div>\n\t\t<\/div>\n\t\t\t\t\t<\/div>\n\t\t<\/section>\n\t\t\t\t<section class=\"elementor-section elementor-top-section elementor-element elementor-element-8a4a8a1 elementor-section-boxed elementor-section-height-default elementor-section-height-default\" data-id=\"8a4a8a1\" data-element_type=\"section\" data-e-type=\"section\">\n\t\t\t\t\t\t<div class=\"elementor-container elementor-column-gap-default\">\n\t\t\t\t\t<div class=\" elementor-column elementor-col-100 elementor-top-column elementor-element elementor-element-8ab0c67 elementor-invisible\" data-fullscreen-column-settings=\"{&quot;fullscreen&quot;:&quot;&quot;}\" data-id=\"8ab0c67\" data-element_type=\"column\" data-e-type=\"column\" data-settings=\"{&quot;animation&quot;:&quot;fadeInLeft&quot;}\">\n\t\t\t<div class=\"elementor-widget-wrap elementor-element-populated\">\n\t\t\t\t\t\t<div class=\"elementor-element elementor-element-1ef03f0 elementor-widget elementor-widget-text-editor\" data-id=\"1ef03f0\" data-element_type=\"widget\" data-e-type=\"widget\" data-widget_type=\"text-editor.default\">\n\t\t\t\t<div class=\"elementor-widget-container\">\n\t\t\t\t\t\t\t\t\t<p><strong>Qualit\u00e4t, Sicherheit und Umwelt sind die Werte, auf die sich unsere Unternehmenspolitik st\u00fctzt.<\/strong><\/p>\n\t\t\t\t\t\t\t\t<\/div>\n\t\t\t\t<\/div>\n\t\t\t\t<div class=\"elementor-element elementor-element-8a25a6d elementor-widget elementor-widget-text-editor\" data-id=\"8a25a6d\" data-element_type=\"widget\" data-e-type=\"widget\" data-widget_type=\"text-editor.default\">\n\t\t\t\t<div class=\"elementor-widget-container\">\n\t\t\t\t\t\t\t\t\t<p>Dank der Kompetenz und Erfahrung unseres Teams bieten wir unseren Kunden einen stetig wachsenden Qualit\u00e4tsstandard.<\/p>\n<p>Unser Ziel ist es seit jeher, die Bed\u00fcrfnisse unserer Kunden zu erf\u00fcllen, indem wir unser Personal und unsere Mitarbeiter schulen, motivieren und ihre F\u00e4higkeiten verbessern. Was die Sicherheit anbelangt, so garantiert unser Unternehmen die Zuverl\u00e4ssigkeit von Fahrzeugen, Ger\u00e4ten, Anlagen und Maschinen und schult seine Mitarbeiter in Bezug auf Risiken und den Umgang mit Notfallsituationen.<\/p>\n<p>In den letzten Jahren haben wir uns der \u00f6kologischen Nachhaltigkeit verschrieben und in die Energieeffizienz des gesamten Firmengel\u00e4ndes investiert, indem wir Photovoltaikanlagen und energiesparende LED-Leuchten installiert haben.<\/p>\n<p>Die Ma\u00dfnahme wird mit Mitteln der Europ\u00e4ischen Union aus dem italienischen Staat und der Region Lombardei in Anwendung der Verordnung (EU) Nr. . 1303\/2013 &#8211; Anhang XXII und Durchf\u00fchrungsverordnung (EU) Nr. 821\/2014 &#8211; Artikel 4 und 5.<\/p>\n\t\t\t\t\t\t\t\t<\/div>\n\t\t\t\t<\/div>\n\t\t\t\t\t<\/div>\n\t\t<\/div>\n\t\t\t\t\t<\/div>\n\t\t<\/section>\n\t\t\t\t<section class=\"elementor-section elementor-top-section elementor-element elementor-element-991ddc4 elementor-section-boxed elementor-section-height-default elementor-section-height-default\" data-id=\"991ddc4\" data-element_type=\"section\" data-e-type=\"section\">\n\t\t\t\t\t\t<div class=\"elementor-container elementor-column-gap-default\">\n\t\t\t\t\t<div class=\" elementor-column elementor-col-100 elementor-top-column elementor-element elementor-element-aca9112\" data-fullscreen-column-settings=\"{&quot;fullscreen&quot;:&quot;&quot;}\" data-id=\"aca9112\" data-element_type=\"column\" data-e-type=\"column\">\n\t\t\t<div class=\"elementor-widget-wrap\">\n\t\t\t\t\t\t\t<\/div>\n\t\t<\/div>\n\t\t\t\t\t<\/div>\n\t\t<\/section>\n\t\t\t\t<\/div>\n\t\t","protected":false},"excerpt":{"rendered":"<p>https:\/\/www.mamir.it\/wp-content\/uploads\/2023\/04\/mamir-drone.mp4 Werte Qualit\u00e4t, Sicherheit und Umwelt sind die Werte, auf die sich unsere Unternehmenspolitik st\u00fctzt. Dank der Kompetenz und Erfahrung unseres Teams bieten wir unseren Kunden einen stetig wachsenden Qualit\u00e4tsstandard. Unser Ziel ist es seit jeher, die Bed\u00fcrfnisse unserer Kunden zu erf\u00fcllen, indem wir unser Personal und unsere Mitarbeiter schulen, motivieren und ihre F\u00e4higkeiten verbessern. [&hellip;]<\/p>\n","protected":false},"author":1,"featured_media":0,"parent":0,"menu_order":0,"comment_status":"closed","ping_status":"closed","template":"","meta":{"footnotes":""},"class_list":["post-77093","page","type-page","status-publish","hentry"],"_links":{"self":[{"href":"https:\/\/www.mamir.it\/de\/wp-json\/wp\/v2\/pages\/77093","targetHints":{"allow":["GET"]}}],"collection":[{"href":"https:\/\/www.mamir.it\/de\/wp-json\/wp\/v2\/pages"}],"about":[{"href":"https:\/\/www.mamir.it\/de\/wp-json\/wp\/v2\/types\/page"}],"author":[{"embeddable":true,"href":"https:\/\/www.mamir.it\/de\/wp-json\/wp\/v2\/users\/1"}],"replies":[{"embeddable":true,"href":"https:\/\/www.mamir.it\/de\/wp-json\/wp\/v2\/comments?post=77093"}],"version-history":[{"count":3,"href":"https:\/\/www.mamir.it\/de\/wp-json\/wp\/v2\/pages\/77093\/revisions"}],"predecessor-version":[{"id":77153,"href":"https:\/\/www.mamir.it\/de\/wp-json\/wp\/v2\/pages\/77093\/revisions\/77153"}],"wp:attachment":[{"href":"https:\/\/www.mamir.it\/de\/wp-json\/wp\/v2\/media?parent=77093"}],"curies":[{"name":"wp","href":"https:\/\/api.w.org\/{rel}","templated":true}]}}